{"id":547,"date":"2023-11-07T00:00:35","date_gmt":"2023-11-06T23:00:35","guid":{"rendered":"https:\/\/topsa.mx\/?page_id=547"},"modified":"2023-11-10T18:32:32","modified_gmt":"2023-11-10T17:32:32","slug":"senalizacion","status":"publish","type":"page","link":"https:\/\/topsa.mx\/index.php\/senalizacion\/","title":{"rendered":"SE\u00d1ALIZACION"},"content":{"rendered":"\t\t<div data-elementor-type=\"wp-page\" data-elementor-id=\"547\" class=\"elementor elementor-547\" data-elementor-post-type=\"page\">\n\t\t\t\t<div class=\"elementor-element elementor-element-8f70668 e-flex e-con-boxed e-con e-parent\" data-id=\"8f70668\" data-element_type=\"container\" data-e-type=\"container\">\n\t\t\t\t\t<div class=\"e-con-inner\">\n\t\t\t\t<div class=\"elementor-element elementor-element-50dcfde elementor-align-center elementor-widget elementor-widget-button\" data-id=\"50dcfde\" data-element_type=\"widget\" data-e-type=\"widget\" data-widget_type=\"button.default\">\n\t\t\t\t<div class=\"elementor-widget-container\">\n\t\t\t\t\t\t\t\t\t<div class=\"elementor-button-wrapper\">\n\t\t\t\t\t<a class=\"elementor-button elementor-button-link elementor-size-md elementor-animation-wobble-top\" href=\"https:\/\/topsa.mx\/index.php\/cotizaciones\/\">\n\t\t\t\t\t\t<span class=\"elementor-button-content-wrapper\">\n\t\t\t\t\t\t\t\t\t<span class=\"elementor-button-text\">Cotiza Ahora<\/span>\n\t\t\t\t\t<\/span>\n\t\t\t\t\t<\/a>\n\t\t\t\t<\/div>\n\t\t\t\t\t\t\t\t<\/div>\n\t\t\t\t<\/div>\n\t\t\t\t<div class=\"elementor-element elementor-element-303568e elementor-widget elementor-widget-gallery\" data-id=\"303568e\" data-element_type=\"widget\" data-e-type=\"widget\" data-settings=\"{&quot;gallery_layout&quot;:&quot;masonry&quot;,&quot;lazyload&quot;:&quot;yes&quot;,&quot;columns&quot;:4,&quot;columns_tablet&quot;:2,&quot;columns_mobile&quot;:1,&quot;gap&quot;:{&quot;unit&quot;:&quot;px&quot;,&quot;size&quot;:10,&quot;sizes&quot;:[]},&quot;gap_tablet&quot;:{&quot;unit&quot;:&quot;px&quot;,&quot;size&quot;:10,&quot;sizes&quot;:[]},&quot;gap_mobile&quot;:{&quot;unit&quot;:&quot;px&quot;,&quot;size&quot;:10,&quot;sizes&quot;:[]},&quot;link_to&quot;:&quot;file&quot;,&quot;overlay_background&quot;:&quot;yes&quot;,&quot;content_hover_animation&quot;:&quot;fade-in&quot;}\" data-widget_type=\"gallery.default\">\n\t\t\t\t<div class=\"elementor-widget-container\">\n\t\t\t\t\t\t\t<div class=\"elementor-gallery__container\">\n\t\t\t\t\t\t\t<a class=\"e-gallery-item elementor-gallery-item elementor-animated-content\" href=\"https:\/\/topsa.mx\/wp-content\/uploads\/2023\/11\/9-3.jpg\" data-elementor-open-lightbox=\"yes\" data-elementor-lightbox-slideshow=\"303568e\" data-elementor-lightbox-title=\"9\" data-e-action-hash=\"#elementor-action%3Aaction%3Dlightbox%26settings%3DeyJpZCI6NTg4LCJ1cmwiOiJodHRwczpcL1wvdG9wc2EubXhcL3dwLWNvbnRlbnRcL3VwbG9hZHNcLzIwMjNcLzExXC85LTMuanBnIiwic2xpZGVzaG93IjoiMzAzNTY4ZSJ9\">\n\t\t\t\t\t<div class=\"e-gallery-image elementor-gallery-item__image\" data-thumbnail=\"https:\/\/topsa.mx\/wp-content\/uploads\/2023\/11\/9-3.jpg\" data-width=\"261\" data-height=\"300\" aria-label=\"\" role=\"img\" ><\/div>\n\t\t\t\t\t\t\t\t\t\t\t<div class=\"elementor-gallery-item__overlay\"><\/div>\n\t\t\t\t\t\t\t\t\t\t\t\t\t\t<\/a>\n\t\t\t\t\t\t\t<a class=\"e-gallery-item elementor-gallery-item elementor-animated-content\" href=\"https:\/\/topsa.mx\/wp-content\/uploads\/2023\/11\/8-2.jpg\" data-elementor-open-lightbox=\"yes\" data-elementor-lightbox-slideshow=\"303568e\" data-elementor-lightbox-title=\"8\" data-e-action-hash=\"#elementor-action%3Aaction%3Dlightbox%26settings%3DeyJpZCI6NTg3LCJ1cmwiOiJodHRwczpcL1wvdG9wc2EubXhcL3dwLWNvbnRlbnRcL3VwbG9hZHNcLzIwMjNcLzExXC84LTIuanBnIiwic2xpZGVzaG93IjoiMzAzNTY4ZSJ9\">\n\t\t\t\t\t<div class=\"e-gallery-image elementor-gallery-item__image\" data-thumbnail=\"https:\/\/topsa.mx\/wp-content\/uploads\/2023\/11\/8-2.jpg\" data-width=\"261\" data-height=\"300\" aria-label=\"\" role=\"img\" ><\/div>\n\t\t\t\t\t\t\t\t\t\t\t<div class=\"elementor-gallery-item__overlay\"><\/div>\n\t\t\t\t\t\t\t\t\t\t\t\t\t\t<\/a>\n\t\t\t\t\t\t\t<a class=\"e-gallery-item elementor-gallery-item elementor-animated-content\" href=\"https:\/\/topsa.mx\/wp-content\/uploads\/2023\/11\/7-3.jpg\" data-elementor-open-lightbox=\"yes\" data-elementor-lightbox-slideshow=\"303568e\" data-elementor-lightbox-title=\"7\" data-e-action-hash=\"#elementor-action%3Aaction%3Dlightbox%26settings%3DeyJpZCI6NTg2LCJ1cmwiOiJodHRwczpcL1wvdG9wc2EubXhcL3dwLWNvbnRlbnRcL3VwbG9hZHNcLzIwMjNcLzExXC83LTMuanBnIiwic2xpZGVzaG93IjoiMzAzNTY4ZSJ9\">\n\t\t\t\t\t<div class=\"e-gallery-image elementor-gallery-item__image\" data-thumbnail=\"https:\/\/topsa.mx\/wp-content\/uploads\/2023\/11\/7-3.jpg\" data-width=\"261\" data-height=\"300\" aria-label=\"\" role=\"img\" ><\/div>\n\t\t\t\t\t\t\t\t\t\t\t<div class=\"elementor-gallery-item__overlay\"><\/div>\n\t\t\t\t\t\t\t\t\t\t\t\t\t\t<\/a>\n\t\t\t\t\t\t\t<a class=\"e-gallery-item elementor-gallery-item elementor-animated-content\" href=\"https:\/\/topsa.mx\/wp-content\/uploads\/2023\/11\/6-3.jpg\" data-elementor-open-lightbox=\"yes\" data-elementor-lightbox-slideshow=\"303568e\" data-elementor-lightbox-title=\"6\" data-e-action-hash=\"#elementor-action%3Aaction%3Dlightbox%26settings%3DeyJpZCI6NTg1LCJ1cmwiOiJodHRwczpcL1wvdG9wc2EubXhcL3dwLWNvbnRlbnRcL3VwbG9hZHNcLzIwMjNcLzExXC82LTMuanBnIiwic2xpZGVzaG93IjoiMzAzNTY4ZSJ9\">\n\t\t\t\t\t<div class=\"e-gallery-image elementor-gallery-item__image\" data-thumbnail=\"https:\/\/topsa.mx\/wp-content\/uploads\/2023\/11\/6-3.jpg\" data-width=\"261\" data-height=\"300\" aria-label=\"\" role=\"img\" ><\/div>\n\t\t\t\t\t\t\t\t\t\t\t<div class=\"elementor-gallery-item__overlay\"><\/div>\n\t\t\t\t\t\t\t\t\t\t\t\t\t\t<\/a>\n\t\t\t\t\t\t\t<a class=\"e-gallery-item elementor-gallery-item elementor-animated-content\" href=\"https:\/\/topsa.mx\/wp-content\/uploads\/2023\/11\/5-3.jpg\" data-elementor-open-lightbox=\"yes\" data-elementor-lightbox-slideshow=\"303568e\" data-elementor-lightbox-title=\"5\" data-e-action-hash=\"#elementor-action%3Aaction%3Dlightbox%26settings%3DeyJpZCI6NTg0LCJ1cmwiOiJodHRwczpcL1wvdG9wc2EubXhcL3dwLWNvbnRlbnRcL3VwbG9hZHNcLzIwMjNcLzExXC81LTMuanBnIiwic2xpZGVzaG93IjoiMzAzNTY4ZSJ9\">\n\t\t\t\t\t<div class=\"e-gallery-image elementor-gallery-item__image\" data-thumbnail=\"https:\/\/topsa.mx\/wp-content\/uploads\/2023\/11\/5-3.jpg\" data-width=\"261\" data-height=\"300\" aria-label=\"\" role=\"img\" ><\/div>\n\t\t\t\t\t\t\t\t\t\t\t<div class=\"elementor-gallery-item__overlay\"><\/div>\n\t\t\t\t\t\t\t\t\t\t\t\t\t\t<\/a>\n\t\t\t\t\t\t\t<a class=\"e-gallery-item elementor-gallery-item elementor-animated-content\" href=\"https:\/\/topsa.mx\/wp-content\/uploads\/2023\/11\/4-3.jpg\" data-elementor-open-lightbox=\"yes\" data-elementor-lightbox-slideshow=\"303568e\" data-elementor-lightbox-title=\"4\" data-e-action-hash=\"#elementor-action%3Aaction%3Dlightbox%26settings%3DeyJpZCI6NTgzLCJ1cmwiOiJodHRwczpcL1wvdG9wc2EubXhcL3dwLWNvbnRlbnRcL3VwbG9hZHNcLzIwMjNcLzExXC80LTMuanBnIiwic2xpZGVzaG93IjoiMzAzNTY4ZSJ9\">\n\t\t\t\t\t<div class=\"e-gallery-image elementor-gallery-item__image\" data-thumbnail=\"https:\/\/topsa.mx\/wp-content\/uploads\/2023\/11\/4-3.jpg\" data-width=\"300\" data-height=\"196\" aria-label=\"\" role=\"img\" ><\/div>\n\t\t\t\t\t\t\t\t\t\t\t<div class=\"elementor-gallery-item__overlay\"><\/div>\n\t\t\t\t\t\t\t\t\t\t\t\t\t\t<\/a>\n\t\t\t\t\t\t\t<a class=\"e-gallery-item elementor-gallery-item elementor-animated-content\" href=\"https:\/\/topsa.mx\/wp-content\/uploads\/2023\/11\/3-3.jpg\" data-elementor-open-lightbox=\"yes\" data-elementor-lightbox-slideshow=\"303568e\" data-elementor-lightbox-title=\"3\" data-e-action-hash=\"#elementor-action%3Aaction%3Dlightbox%26settings%3DeyJpZCI6NTgyLCJ1cmwiOiJodHRwczpcL1wvdG9wc2EubXhcL3dwLWNvbnRlbnRcL3VwbG9hZHNcLzIwMjNcLzExXC8zLTMuanBnIiwic2xpZGVzaG93IjoiMzAzNTY4ZSJ9\">\n\t\t\t\t\t<div class=\"e-gallery-image elementor-gallery-item__image\" data-thumbnail=\"https:\/\/topsa.mx\/wp-content\/uploads\/2023\/11\/3-3.jpg\" data-width=\"261\" data-height=\"300\" aria-label=\"\" role=\"img\" ><\/div>\n\t\t\t\t\t\t\t\t\t\t\t<div class=\"elementor-gallery-item__overlay\"><\/div>\n\t\t\t\t\t\t\t\t\t\t\t\t\t\t<\/a>\n\t\t\t\t\t\t\t<a class=\"e-gallery-item elementor-gallery-item elementor-animated-content\" href=\"https:\/\/topsa.mx\/wp-content\/uploads\/2023\/11\/2-3.jpg\" data-elementor-open-lightbox=\"yes\" data-elementor-lightbox-slideshow=\"303568e\" data-elementor-lightbox-title=\"2\" data-e-action-hash=\"#elementor-action%3Aaction%3Dlightbox%26settings%3DeyJpZCI6NTgxLCJ1cmwiOiJodHRwczpcL1wvdG9wc2EubXhcL3dwLWNvbnRlbnRcL3VwbG9hZHNcLzIwMjNcLzExXC8yLTMuanBnIiwic2xpZGVzaG93IjoiMzAzNTY4ZSJ9\">\n\t\t\t\t\t<div class=\"e-gallery-image elementor-gallery-item__image\" data-thumbnail=\"https:\/\/topsa.mx\/wp-content\/uploads\/2023\/11\/2-3.jpg\" data-width=\"300\" data-height=\"196\" aria-label=\"\" role=\"img\" ><\/div>\n\t\t\t\t\t\t\t\t\t\t\t<div class=\"elementor-gallery-item__overlay\"><\/div>\n\t\t\t\t\t\t\t\t\t\t\t\t\t\t<\/a>\n\t\t\t\t\t\t\t<a class=\"e-gallery-item elementor-gallery-item elementor-animated-content\" href=\"https:\/\/topsa.mx\/wp-content\/uploads\/2023\/11\/1-2.jpg\" data-elementor-open-lightbox=\"yes\" data-elementor-lightbox-slideshow=\"303568e\" data-elementor-lightbox-title=\"1\" data-e-action-hash=\"#elementor-action%3Aaction%3Dlightbox%26settings%3DeyJpZCI6NTgwLCJ1cmwiOiJodHRwczpcL1wvdG9wc2EubXhcL3dwLWNvbnRlbnRcL3VwbG9hZHNcLzIwMjNcLzExXC8xLTIuanBnIiwic2xpZGVzaG93IjoiMzAzNTY4ZSJ9\">\n\t\t\t\t\t<div class=\"e-gallery-image elementor-gallery-item__image\" data-thumbnail=\"https:\/\/topsa.mx\/wp-content\/uploads\/2023\/11\/1-2.jpg\" data-width=\"261\" data-height=\"300\" aria-label=\"\" role=\"img\" ><\/div>\n\t\t\t\t\t\t\t\t\t\t\t<div class=\"elementor-gallery-item__overlay\"><\/div>\n\t\t\t\t\t\t\t\t\t\t\t\t\t\t<\/a>\n\t\t\t\t\t<\/div>\n\t\t\t\t\t<\/div>\n\t\t\t\t<\/div>\n\t\t\t\t\t<\/div>\n\t\t\t\t<\/div>\n\t\t<div class=\"elementor-element elementor-element-51d8882 e-flex e-con-boxed e-con e-parent\" data-id=\"51d8882\" data-element_type=\"container\" data-e-type=\"container\">\n\t\t\t\t\t<div class=\"e-con-inner\">\n\t\t\t\t\t<\/div>\n\t\t\t\t<\/div>\n\t\t\t\t<\/div>\n\t\t","protected":false},"excerpt":{"rendered":"<p>Cotiza Ahora<\/p>\n","protected":false},"author":1,"featured_media":0,"parent":0,"menu_order":0,"comment_status":"closed","ping_status":"closed","template":"","meta":{"footnotes":""},"class_list":["post-547","page","type-page","status-publish","hentry"],"yoast_head":"<!-- This site is optimized with the Yoast SEO plugin v27.4 - https:\/\/yoast.com\/product\/yoast-seo-wordpress\/ -->\n<title>SE\u00d1ALIZACION -<\/title>\n<meta name=\"description\" content=\"En TOPSA somos expertos en la fabricaci\u00f3n e instalaci\u00f3n de anuncios luminosos de alta calidad en Guadalajara. Dise\u00f1os personalizados, duraderos y con impacto visual para tu negocio. Cont\u00e1ctanos y destaca tu marca con el mejor servicio.\" \/>\n<meta name=\"robots\" content=\"index, follow, max-snippet:-1, max-image-preview:large, max-video-preview:-1\" \/>\n<link rel=\"canonical\" href=\"https:\/\/topsa.mx\/index.php\/senalizacion\/\" \/>\n<meta property=\"og:locale\" content=\"en_US\" \/>\n<meta property=\"og:type\" content=\"article\" \/>\n<meta property=\"og:title\" content=\"SE\u00d1ALIZACION -\" \/>\n<meta property=\"og:description\" content=\"En TOPSA somos expertos en la fabricaci\u00f3n e instalaci\u00f3n de anuncios luminosos de alta calidad en Guadalajara. Dise\u00f1os personalizados, duraderos y con impacto visual para tu negocio. Cont\u00e1ctanos y destaca tu marca con el mejor servicio.\" \/>\n<meta property=\"og:url\" content=\"https:\/\/topsa.mx\/index.php\/senalizacion\/\" \/>\n<meta property=\"article:modified_time\" content=\"2023-11-10T17:32:32+00:00\" \/>\n<meta name=\"twitter:card\" content=\"summary_large_image\" \/>\n<script type=\"application\/ld+json\" class=\"yoast-schema-graph\">{\"@context\":\"https:\\\/\\\/schema.org\",\"@graph\":[{\"@type\":\"WebPage\",\"@id\":\"https:\\\/\\\/topsa.mx\\\/index.php\\\/senalizacion\\\/\",\"url\":\"https:\\\/\\\/topsa.mx\\\/index.php\\\/senalizacion\\\/\",\"name\":\"SE\u00d1ALIZACION -\",\"isPartOf\":{\"@id\":\"https:\\\/\\\/topsa.mx\\\/#website\"},\"datePublished\":\"2023-11-06T23:00:35+00:00\",\"dateModified\":\"2023-11-10T17:32:32+00:00\",\"description\":\"En TOPSA somos expertos en la fabricaci\u00f3n e instalaci\u00f3n de anuncios luminosos de alta calidad en Guadalajara. Dise\u00f1os personalizados, duraderos y con impacto visual para tu negocio. Cont\u00e1ctanos y destaca tu marca con el mejor servicio.\",\"breadcrumb\":{\"@id\":\"https:\\\/\\\/topsa.mx\\\/index.php\\\/senalizacion\\\/#breadcrumb\"},\"inLanguage\":\"en-US\",\"potentialAction\":[{\"@type\":\"ReadAction\",\"target\":[\"https:\\\/\\\/topsa.mx\\\/index.php\\\/senalizacion\\\/\"]}]},{\"@type\":\"BreadcrumbList\",\"@id\":\"https:\\\/\\\/topsa.mx\\\/index.php\\\/senalizacion\\\/#breadcrumb\",\"itemListElement\":[{\"@type\":\"ListItem\",\"position\":1,\"name\":\"Portada\",\"item\":\"https:\\\/\\\/topsa.mx\\\/\"},{\"@type\":\"ListItem\",\"position\":2,\"name\":\"SE\u00d1ALIZACION\"}]},{\"@type\":\"WebSite\",\"@id\":\"https:\\\/\\\/topsa.mx\\\/#website\",\"url\":\"https:\\\/\\\/topsa.mx\\\/\",\"name\":\"\",\"description\":\"\",\"potentialAction\":[{\"@type\":\"SearchAction\",\"target\":{\"@type\":\"EntryPoint\",\"urlTemplate\":\"https:\\\/\\\/topsa.mx\\\/?s={search_term_string}\"},\"query-input\":{\"@type\":\"PropertyValueSpecification\",\"valueRequired\":true,\"valueName\":\"search_term_string\"}}],\"inLanguage\":\"en-US\"}]}<\/script>\n<!-- \/ Yoast SEO plugin. -->","yoast_head_json":{"title":"SE\u00d1ALIZACION -","description":"En TOPSA somos expertos en la fabricaci\u00f3n e instalaci\u00f3n de anuncios luminosos de alta calidad en Guadalajara. Dise\u00f1os personalizados, duraderos y con impacto visual para tu negocio. Cont\u00e1ctanos y destaca tu marca con el mejor servicio.","robots":{"index":"index","follow":"follow","max-snippet":"max-snippet:-1","max-image-preview":"max-image-preview:large","max-video-preview":"max-video-preview:-1"},"canonical":"https:\/\/topsa.mx\/index.php\/senalizacion\/","og_locale":"en_US","og_type":"article","og_title":"SE\u00d1ALIZACION -","og_description":"En TOPSA somos expertos en la fabricaci\u00f3n e instalaci\u00f3n de anuncios luminosos de alta calidad en Guadalajara. Dise\u00f1os personalizados, duraderos y con impacto visual para tu negocio. Cont\u00e1ctanos y destaca tu marca con el mejor servicio.","og_url":"https:\/\/topsa.mx\/index.php\/senalizacion\/","article_modified_time":"2023-11-10T17:32:32+00:00","twitter_card":"summary_large_image","schema":{"@context":"https:\/\/schema.org","@graph":[{"@type":"WebPage","@id":"https:\/\/topsa.mx\/index.php\/senalizacion\/","url":"https:\/\/topsa.mx\/index.php\/senalizacion\/","name":"SE\u00d1ALIZACION -","isPartOf":{"@id":"https:\/\/topsa.mx\/#website"},"datePublished":"2023-11-06T23:00:35+00:00","dateModified":"2023-11-10T17:32:32+00:00","description":"En TOPSA somos expertos en la fabricaci\u00f3n e instalaci\u00f3n de anuncios luminosos de alta calidad en Guadalajara. Dise\u00f1os personalizados, duraderos y con impacto visual para tu negocio. Cont\u00e1ctanos y destaca tu marca con el mejor servicio.","breadcrumb":{"@id":"https:\/\/topsa.mx\/index.php\/senalizacion\/#breadcrumb"},"inLanguage":"en-US","potentialAction":[{"@type":"ReadAction","target":["https:\/\/topsa.mx\/index.php\/senalizacion\/"]}]},{"@type":"BreadcrumbList","@id":"https:\/\/topsa.mx\/index.php\/senalizacion\/#breadcrumb","itemListElement":[{"@type":"ListItem","position":1,"name":"Portada","item":"https:\/\/topsa.mx\/"},{"@type":"ListItem","position":2,"name":"SE\u00d1ALIZACION"}]},{"@type":"WebSite","@id":"https:\/\/topsa.mx\/#website","url":"https:\/\/topsa.mx\/","name":"","description":"","potentialAction":[{"@type":"SearchAction","target":{"@type":"EntryPoint","urlTemplate":"https:\/\/topsa.mx\/?s={search_term_string}"},"query-input":{"@type":"PropertyValueSpecification","valueRequired":true,"valueName":"search_term_string"}}],"inLanguage":"en-US"}]}},"_links":{"self":[{"href":"https:\/\/topsa.mx\/index.php\/wp-json\/wp\/v2\/pages\/547","targetHints":{"allow":["GET"]}}],"collection":[{"href":"https:\/\/topsa.mx\/index.php\/wp-json\/wp\/v2\/pages"}],"about":[{"href":"https:\/\/topsa.mx\/index.php\/wp-json\/wp\/v2\/types\/page"}],"author":[{"embeddable":true,"href":"https:\/\/topsa.mx\/index.php\/wp-json\/wp\/v2\/users\/1"}],"replies":[{"embeddable":true,"href":"https:\/\/topsa.mx\/index.php\/wp-json\/wp\/v2\/comments?post=547"}],"version-history":[{"count":7,"href":"https:\/\/topsa.mx\/index.php\/wp-json\/wp\/v2\/pages\/547\/revisions"}],"predecessor-version":[{"id":862,"href":"https:\/\/topsa.mx\/index.php\/wp-json\/wp\/v2\/pages\/547\/revisions\/862"}],"wp:attachment":[{"href":"https:\/\/topsa.mx\/index.php\/wp-json\/wp\/v2\/media?parent=547"}],"curies":[{"name":"wp","href":"https:\/\/api.w.org\/{rel}","templated":true}]}}