{"id":500,"date":"2023-11-06T22:49:54","date_gmt":"2023-11-06T21:49:54","guid":{"rendered":"https:\/\/topsa.mx\/?page_id=500"},"modified":"2025-01-10T00:00:54","modified_gmt":"2025-01-09T23:00:54","slug":"productos-2","status":"publish","type":"page","link":"https:\/\/topsa.mx\/index.php\/productos-2\/","title":{"rendered":"ANUNCIOS LUMINOSOS"},"content":{"rendered":"\t\t<div data-elementor-type=\"wp-page\" data-elementor-id=\"500\" class=\"elementor elementor-500\" data-elementor-post-type=\"page\">\n\t\t\t\t<div class=\"elementor-element elementor-element-81716d8 e-con-full e-flex e-con e-parent\" data-id=\"81716d8\" data-element_type=\"container\" data-e-type=\"container\">\n\t\t\t\t<div class=\"elementor-element elementor-element-588cf82 elementor-align-center elementor-widget elementor-widget-button\" data-id=\"588cf82\" data-element_type=\"widget\" data-e-type=\"widget\" data-widget_type=\"button.default\">\n\t\t\t\t<div class=\"elementor-widget-container\">\n\t\t\t\t\t\t\t\t\t<div class=\"elementor-button-wrapper\">\n\t\t\t\t\t<a class=\"elementor-button elementor-button-link elementor-size-md elementor-animation-wobble-top\" href=\"https:\/\/topsa.mx\/index.php\/cotizaciones\/\">\n\t\t\t\t\t\t<span class=\"elementor-button-content-wrapper\">\n\t\t\t\t\t\t\t\t\t<span class=\"elementor-button-text\">Cotiza Ahora<\/span>\n\t\t\t\t\t<\/span>\n\t\t\t\t\t<\/a>\n\t\t\t\t<\/div>\n\t\t\t\t\t\t\t\t<\/div>\n\t\t\t\t<\/div>\n\t\t\t\t<div class=\"elementor-element elementor-element-130944c elementor-widget elementor-widget-gallery\" data-id=\"130944c\" data-element_type=\"widget\" data-e-type=\"widget\" data-settings=\"{&quot;gallery_layout&quot;:&quot;masonry&quot;,&quot;gap&quot;:{&quot;unit&quot;:&quot;px&quot;,&quot;size&quot;:0,&quot;sizes&quot;:[]},&quot;image_hover_animation&quot;:&quot;grow&quot;,&quot;lazyload&quot;:&quot;yes&quot;,&quot;columns&quot;:4,&quot;columns_tablet&quot;:2,&quot;columns_mobile&quot;:1,&quot;gap_tablet&quot;:{&quot;unit&quot;:&quot;px&quot;,&quot;size&quot;:10,&quot;sizes&quot;:[]},&quot;gap_mobile&quot;:{&quot;unit&quot;:&quot;px&quot;,&quot;size&quot;:10,&quot;sizes&quot;:[]},&quot;link_to&quot;:&quot;file&quot;,&quot;overlay_background&quot;:&quot;yes&quot;}\" data-widget_type=\"gallery.default\">\n\t\t\t\t<div class=\"elementor-widget-container\">\n\t\t\t\t\t\t\t<div class=\"elementor-gallery__container\">\n\t\t\t\t\t\t\t<a class=\"e-gallery-item elementor-gallery-item elementor-animated-content\" href=\"https:\/\/topsa.mx\/wp-content\/uploads\/2023\/11\/8-1.jpg\" data-elementor-open-lightbox=\"yes\" data-elementor-lightbox-slideshow=\"130944c\" data-elementor-lightbox-title=\"8\" data-e-action-hash=\"#elementor-action%3Aaction%3Dlightbox%26settings%3DeyJpZCI6NTA5LCJ1cmwiOiJodHRwczpcL1wvdG9wc2EubXhcL3dwLWNvbnRlbnRcL3VwbG9hZHNcLzIwMjNcLzExXC84LTEuanBnIiwic2xpZGVzaG93IjoiMTMwOTQ0YyJ9\">\n\t\t\t\t\t<div class=\"e-gallery-image elementor-gallery-item__image\" data-thumbnail=\"https:\/\/topsa.mx\/wp-content\/uploads\/2023\/11\/8-1.jpg\" data-width=\"300\" data-height=\"196\" aria-label=\"\" role=\"img\" ><\/div>\n\t\t\t\t\t\t\t\t\t\t\t<div class=\"elementor-gallery-item__overlay\"><\/div>\n\t\t\t\t\t\t\t\t\t\t\t\t\t\t<\/a>\n\t\t\t\t\t\t\t<a class=\"e-gallery-item elementor-gallery-item elementor-animated-content\" href=\"https:\/\/topsa.mx\/wp-content\/uploads\/2023\/11\/3-1.jpg\" data-elementor-open-lightbox=\"yes\" data-elementor-lightbox-slideshow=\"130944c\" data-elementor-lightbox-title=\"3\" data-e-action-hash=\"#elementor-action%3Aaction%3Dlightbox%26settings%3DeyJpZCI6NTA1LCJ1cmwiOiJodHRwczpcL1wvdG9wc2EubXhcL3dwLWNvbnRlbnRcL3VwbG9hZHNcLzIwMjNcLzExXC8zLTEuanBnIiwic2xpZGVzaG93IjoiMTMwOTQ0YyJ9\">\n\t\t\t\t\t<div class=\"e-gallery-image elementor-gallery-item__image\" data-thumbnail=\"https:\/\/topsa.mx\/wp-content\/uploads\/2023\/11\/3-1.jpg\" data-width=\"261\" data-height=\"300\" aria-label=\"\" role=\"img\" ><\/div>\n\t\t\t\t\t\t\t\t\t\t\t<div class=\"elementor-gallery-item__overlay\"><\/div>\n\t\t\t\t\t\t\t\t\t\t\t\t\t\t<\/a>\n\t\t\t\t\t\t\t<a class=\"e-gallery-item elementor-gallery-item elementor-animated-content\" href=\"https:\/\/topsa.mx\/wp-content\/uploads\/2023\/11\/10-1.jpg\" data-elementor-open-lightbox=\"yes\" data-elementor-lightbox-slideshow=\"130944c\" data-elementor-lightbox-title=\"10\" data-e-action-hash=\"#elementor-action%3Aaction%3Dlightbox%26settings%3DeyJpZCI6NTEyLCJ1cmwiOiJodHRwczpcL1wvdG9wc2EubXhcL3dwLWNvbnRlbnRcL3VwbG9hZHNcLzIwMjNcLzExXC8xMC0xLmpwZyIsInNsaWRlc2hvdyI6IjEzMDk0NGMifQ%3D%3D\">\n\t\t\t\t\t<div class=\"e-gallery-image elementor-gallery-item__image\" data-thumbnail=\"https:\/\/topsa.mx\/wp-content\/uploads\/2023\/11\/10-1.jpg\" data-width=\"261\" data-height=\"300\" aria-label=\"\" role=\"img\" ><\/div>\n\t\t\t\t\t\t\t\t\t\t\t<div class=\"elementor-gallery-item__overlay\"><\/div>\n\t\t\t\t\t\t\t\t\t\t\t\t\t\t<\/a>\n\t\t\t\t\t\t\t<a class=\"e-gallery-item elementor-gallery-item elementor-animated-content\" href=\"https:\/\/topsa.mx\/wp-content\/uploads\/2023\/11\/6-1.jpg\" data-elementor-open-lightbox=\"yes\" data-elementor-lightbox-slideshow=\"130944c\" data-elementor-lightbox-title=\"6\" data-e-action-hash=\"#elementor-action%3Aaction%3Dlightbox%26settings%3DeyJpZCI6NTA4LCJ1cmwiOiJodHRwczpcL1wvdG9wc2EubXhcL3dwLWNvbnRlbnRcL3VwbG9hZHNcLzIwMjNcLzExXC82LTEuanBnIiwic2xpZGVzaG93IjoiMTMwOTQ0YyJ9\">\n\t\t\t\t\t<div class=\"e-gallery-image elementor-gallery-item__image\" data-thumbnail=\"https:\/\/topsa.mx\/wp-content\/uploads\/2023\/11\/6-1.jpg\" data-width=\"261\" data-height=\"300\" aria-label=\"\" role=\"img\" ><\/div>\n\t\t\t\t\t\t\t\t\t\t\t<div class=\"elementor-gallery-item__overlay\"><\/div>\n\t\t\t\t\t\t\t\t\t\t\t\t\t\t<\/a>\n\t\t\t\t\t\t\t<a class=\"e-gallery-item elementor-gallery-item elementor-animated-content\" href=\"https:\/\/topsa.mx\/wp-content\/uploads\/2023\/11\/12.jpg\" data-elementor-open-lightbox=\"yes\" data-elementor-lightbox-slideshow=\"130944c\" data-elementor-lightbox-title=\"12\" data-e-action-hash=\"#elementor-action%3Aaction%3Dlightbox%26settings%3DeyJpZCI6NTE0LCJ1cmwiOiJodHRwczpcL1wvdG9wc2EubXhcL3dwLWNvbnRlbnRcL3VwbG9hZHNcLzIwMjNcLzExXC8xMi5qcGciLCJzbGlkZXNob3ciOiIxMzA5NDRjIn0%3D\">\n\t\t\t\t\t<div class=\"e-gallery-image elementor-gallery-item__image\" data-thumbnail=\"https:\/\/topsa.mx\/wp-content\/uploads\/2023\/11\/12.jpg\" data-width=\"261\" data-height=\"300\" aria-label=\"\" role=\"img\" ><\/div>\n\t\t\t\t\t\t\t\t\t\t\t<div class=\"elementor-gallery-item__overlay\"><\/div>\n\t\t\t\t\t\t\t\t\t\t\t\t\t\t<\/a>\n\t\t\t\t\t\t\t<a class=\"e-gallery-item elementor-gallery-item elementor-animated-content\" href=\"https:\/\/topsa.mx\/wp-content\/uploads\/2023\/11\/1.jpg\" data-elementor-open-lightbox=\"yes\" data-elementor-lightbox-slideshow=\"130944c\" data-elementor-lightbox-title=\"1\" data-e-action-hash=\"#elementor-action%3Aaction%3Dlightbox%26settings%3DeyJpZCI6NTAzLCJ1cmwiOiJodHRwczpcL1wvdG9wc2EubXhcL3dwLWNvbnRlbnRcL3VwbG9hZHNcLzIwMjNcLzExXC8xLmpwZyIsInNsaWRlc2hvdyI6IjEzMDk0NGMifQ%3D%3D\">\n\t\t\t\t\t<div class=\"e-gallery-image elementor-gallery-item__image\" data-thumbnail=\"https:\/\/topsa.mx\/wp-content\/uploads\/2023\/11\/1.jpg\" data-width=\"261\" data-height=\"300\" aria-label=\"\" role=\"img\" ><\/div>\n\t\t\t\t\t\t\t\t\t\t\t<div class=\"elementor-gallery-item__overlay\"><\/div>\n\t\t\t\t\t\t\t\t\t\t\t\t\t\t<\/a>\n\t\t\t\t\t\t\t<a class=\"e-gallery-item elementor-gallery-item elementor-animated-content\" href=\"https:\/\/topsa.mx\/wp-content\/uploads\/2023\/11\/7-1.jpg\" data-elementor-open-lightbox=\"yes\" data-elementor-lightbox-slideshow=\"130944c\" data-elementor-lightbox-title=\"7\" data-e-action-hash=\"#elementor-action%3Aaction%3Dlightbox%26settings%3DeyJpZCI6NTEwLCJ1cmwiOiJodHRwczpcL1wvdG9wc2EubXhcL3dwLWNvbnRlbnRcL3VwbG9hZHNcLzIwMjNcLzExXC83LTEuanBnIiwic2xpZGVzaG93IjoiMTMwOTQ0YyJ9\">\n\t\t\t\t\t<div class=\"e-gallery-image elementor-gallery-item__image\" data-thumbnail=\"https:\/\/topsa.mx\/wp-content\/uploads\/2023\/11\/7-1.jpg\" data-width=\"300\" data-height=\"196\" aria-label=\"\" role=\"img\" ><\/div>\n\t\t\t\t\t\t\t\t\t\t\t<div class=\"elementor-gallery-item__overlay\"><\/div>\n\t\t\t\t\t\t\t\t\t\t\t\t\t\t<\/a>\n\t\t\t\t\t\t\t<a class=\"e-gallery-item elementor-gallery-item elementor-animated-content\" href=\"https:\/\/topsa.mx\/wp-content\/uploads\/2023\/11\/2-1.jpg\" data-elementor-open-lightbox=\"yes\" data-elementor-lightbox-slideshow=\"130944c\" data-elementor-lightbox-title=\"2\" data-e-action-hash=\"#elementor-action%3Aaction%3Dlightbox%26settings%3DeyJpZCI6NTA0LCJ1cmwiOiJodHRwczpcL1wvdG9wc2EubXhcL3dwLWNvbnRlbnRcL3VwbG9hZHNcLzIwMjNcLzExXC8yLTEuanBnIiwic2xpZGVzaG93IjoiMTMwOTQ0YyJ9\">\n\t\t\t\t\t<div class=\"e-gallery-image elementor-gallery-item__image\" data-thumbnail=\"https:\/\/topsa.mx\/wp-content\/uploads\/2023\/11\/2-1.jpg\" data-width=\"261\" data-height=\"300\" aria-label=\"\" role=\"img\" ><\/div>\n\t\t\t\t\t\t\t\t\t\t\t<div class=\"elementor-gallery-item__overlay\"><\/div>\n\t\t\t\t\t\t\t\t\t\t\t\t\t\t<\/a>\n\t\t\t\t\t\t\t<a class=\"e-gallery-item elementor-gallery-item elementor-animated-content\" href=\"https:\/\/topsa.mx\/wp-content\/uploads\/2023\/11\/5-1.jpg\" data-elementor-open-lightbox=\"yes\" data-elementor-lightbox-slideshow=\"130944c\" data-elementor-lightbox-title=\"5\" data-e-action-hash=\"#elementor-action%3Aaction%3Dlightbox%26settings%3DeyJpZCI6NTA3LCJ1cmwiOiJodHRwczpcL1wvdG9wc2EubXhcL3dwLWNvbnRlbnRcL3VwbG9hZHNcLzIwMjNcLzExXC81LTEuanBnIiwic2xpZGVzaG93IjoiMTMwOTQ0YyJ9\">\n\t\t\t\t\t<div class=\"e-gallery-image elementor-gallery-item__image\" data-thumbnail=\"https:\/\/topsa.mx\/wp-content\/uploads\/2023\/11\/5-1.jpg\" data-width=\"261\" data-height=\"300\" aria-label=\"\" role=\"img\" ><\/div>\n\t\t\t\t\t\t\t\t\t\t\t<div class=\"elementor-gallery-item__overlay\"><\/div>\n\t\t\t\t\t\t\t\t\t\t\t\t\t\t<\/a>\n\t\t\t\t\t\t\t<a class=\"e-gallery-item elementor-gallery-item elementor-animated-content\" href=\"https:\/\/topsa.mx\/wp-content\/uploads\/2023\/11\/13.jpg\" data-elementor-open-lightbox=\"yes\" data-elementor-lightbox-slideshow=\"130944c\" data-elementor-lightbox-title=\"13\" data-e-action-hash=\"#elementor-action%3Aaction%3Dlightbox%26settings%3DeyJpZCI6NTE1LCJ1cmwiOiJodHRwczpcL1wvdG9wc2EubXhcL3dwLWNvbnRlbnRcL3VwbG9hZHNcLzIwMjNcLzExXC8xMy5qcGciLCJzbGlkZXNob3ciOiIxMzA5NDRjIn0%3D\">\n\t\t\t\t\t<div class=\"e-gallery-image elementor-gallery-item__image\" data-thumbnail=\"https:\/\/topsa.mx\/wp-content\/uploads\/2023\/11\/13.jpg\" data-width=\"300\" data-height=\"196\" aria-label=\"\" role=\"img\" ><\/div>\n\t\t\t\t\t\t\t\t\t\t\t<div class=\"elementor-gallery-item__overlay\"><\/div>\n\t\t\t\t\t\t\t\t\t\t\t\t\t\t<\/a>\n\t\t\t\t\t\t\t<a class=\"e-gallery-item elementor-gallery-item elementor-animated-content\" href=\"https:\/\/topsa.mx\/wp-content\/uploads\/2023\/11\/9-1.jpg\" data-elementor-open-lightbox=\"yes\" data-elementor-lightbox-slideshow=\"130944c\" data-elementor-lightbox-title=\"9\" data-e-action-hash=\"#elementor-action%3Aaction%3Dlightbox%26settings%3DeyJpZCI6NTExLCJ1cmwiOiJodHRwczpcL1wvdG9wc2EubXhcL3dwLWNvbnRlbnRcL3VwbG9hZHNcLzIwMjNcLzExXC85LTEuanBnIiwic2xpZGVzaG93IjoiMTMwOTQ0YyJ9\">\n\t\t\t\t\t<div class=\"e-gallery-image elementor-gallery-item__image\" data-thumbnail=\"https:\/\/topsa.mx\/wp-content\/uploads\/2023\/11\/9-1.jpg\" data-width=\"261\" data-height=\"300\" aria-label=\"\" role=\"img\" ><\/div>\n\t\t\t\t\t\t\t\t\t\t\t<div class=\"elementor-gallery-item__overlay\"><\/div>\n\t\t\t\t\t\t\t\t\t\t\t\t\t\t<\/a>\n\t\t\t\t\t\t\t<a class=\"e-gallery-item elementor-gallery-item elementor-animated-content\" href=\"https:\/\/topsa.mx\/wp-content\/uploads\/2023\/11\/11.jpg\" data-elementor-open-lightbox=\"yes\" data-elementor-lightbox-slideshow=\"130944c\" data-elementor-lightbox-title=\"11\" data-e-action-hash=\"#elementor-action%3Aaction%3Dlightbox%26settings%3DeyJpZCI6NTEzLCJ1cmwiOiJodHRwczpcL1wvdG9wc2EubXhcL3dwLWNvbnRlbnRcL3VwbG9hZHNcLzIwMjNcLzExXC8xMS5qcGciLCJzbGlkZXNob3ciOiIxMzA5NDRjIn0%3D\">\n\t\t\t\t\t<div class=\"e-gallery-image elementor-gallery-item__image\" data-thumbnail=\"https:\/\/topsa.mx\/wp-content\/uploads\/2023\/11\/11.jpg\" data-width=\"261\" data-height=\"300\" aria-label=\"\" role=\"img\" ><\/div>\n\t\t\t\t\t\t\t\t\t\t\t<div class=\"elementor-gallery-item__overlay\"><\/div>\n\t\t\t\t\t\t\t\t\t\t\t\t\t\t<\/a>\n\t\t\t\t\t\t\t<a class=\"e-gallery-item elementor-gallery-item elementor-animated-content\" href=\"https:\/\/topsa.mx\/wp-content\/uploads\/2023\/11\/4-1.jpg\" data-elementor-open-lightbox=\"yes\" data-elementor-lightbox-slideshow=\"130944c\" data-elementor-lightbox-title=\"4\" data-e-action-hash=\"#elementor-action%3Aaction%3Dlightbox%26settings%3DeyJpZCI6NTA2LCJ1cmwiOiJodHRwczpcL1wvdG9wc2EubXhcL3dwLWNvbnRlbnRcL3VwbG9hZHNcLzIwMjNcLzExXC80LTEuanBnIiwic2xpZGVzaG93IjoiMTMwOTQ0YyJ9\">\n\t\t\t\t\t<div class=\"e-gallery-image elementor-gallery-item__image\" data-thumbnail=\"https:\/\/topsa.mx\/wp-content\/uploads\/2023\/11\/4-1.jpg\" data-width=\"261\" data-height=\"300\" aria-label=\"\" role=\"img\" ><\/div>\n\t\t\t\t\t\t\t\t\t\t\t<div class=\"elementor-gallery-item__overlay\"><\/div>\n\t\t\t\t\t\t\t\t\t\t\t\t\t\t<\/a>\n\t\t\t\t\t<\/div>\n\t\t\t\t\t<\/div>\n\t\t\t\t<\/div>\n\t\t\t\t<\/div>\n\t\t\t\t<\/div>\n\t\t","protected":false},"excerpt":{"rendered":"<p>Cotiza Ahora<\/p>\n","protected":false},"author":1,"featured_media":0,"parent":0,"menu_order":0,"comment_status":"closed","ping_status":"closed","template":"elementor_header_footer","meta":{"footnotes":""},"class_list":["post-500","page","type-page","status-publish","hentry"],"yoast_head":"<!-- This site is optimized with the Yoast SEO plugin v27.4 - https:\/\/yoast.com\/product\/yoast-seo-wordpress\/ -->\n<title>ANUNCIOS LUMINOSOS -<\/title>\n<meta name=\"description\" content=\"En TOPSA somos expertos en la fabricaci\u00f3n e instalaci\u00f3n de anuncios luminosos de alta calidad en Guadalajara. Dise\u00f1os personalizados, duraderos y con impacto visual para tu negocio. Cont\u00e1ctanos y destaca tu marca con el mejor servicio.\" \/>\n<meta name=\"robots\" content=\"index, follow, max-snippet:-1, max-image-preview:large, max-video-preview:-1\" \/>\n<link rel=\"canonical\" href=\"https:\/\/topsa.mx\/index.php\/productos-2\/\" \/>\n<meta property=\"og:locale\" content=\"en_US\" \/>\n<meta property=\"og:type\" content=\"article\" \/>\n<meta property=\"og:title\" content=\"ANUNCIOS LUMINOSOS -\" \/>\n<meta property=\"og:description\" content=\"En TOPSA somos expertos en la fabricaci\u00f3n e instalaci\u00f3n de anuncios luminosos de alta calidad en Guadalajara. Dise\u00f1os personalizados, duraderos y con impacto visual para tu negocio. Cont\u00e1ctanos y destaca tu marca con el mejor servicio.\" \/>\n<meta property=\"og:url\" content=\"https:\/\/topsa.mx\/index.php\/productos-2\/\" \/>\n<meta property=\"article:modified_time\" content=\"2025-01-09T23:00:54+00:00\" \/>\n<meta name=\"twitter:card\" content=\"summary_large_image\" \/>\n<meta name=\"twitter:label1\" content=\"Est. reading time\" \/>\n\t<meta name=\"twitter:data1\" content=\"1 minute\" \/>\n<script type=\"application\/ld+json\" class=\"yoast-schema-graph\">{\"@context\":\"https:\\\/\\\/schema.org\",\"@graph\":[{\"@type\":\"WebPage\",\"@id\":\"https:\\\/\\\/topsa.mx\\\/index.php\\\/productos-2\\\/\",\"url\":\"https:\\\/\\\/topsa.mx\\\/index.php\\\/productos-2\\\/\",\"name\":\"ANUNCIOS LUMINOSOS -\",\"isPartOf\":{\"@id\":\"https:\\\/\\\/topsa.mx\\\/#website\"},\"datePublished\":\"2023-11-06T21:49:54+00:00\",\"dateModified\":\"2025-01-09T23:00:54+00:00\",\"description\":\"En TOPSA somos expertos en la fabricaci\u00f3n e instalaci\u00f3n de anuncios luminosos de alta calidad en Guadalajara. Dise\u00f1os personalizados, duraderos y con impacto visual para tu negocio. Cont\u00e1ctanos y destaca tu marca con el mejor servicio.\",\"breadcrumb\":{\"@id\":\"https:\\\/\\\/topsa.mx\\\/index.php\\\/productos-2\\\/#breadcrumb\"},\"inLanguage\":\"en-US\",\"potentialAction\":[{\"@type\":\"ReadAction\",\"target\":[\"https:\\\/\\\/topsa.mx\\\/index.php\\\/productos-2\\\/\"]}]},{\"@type\":\"BreadcrumbList\",\"@id\":\"https:\\\/\\\/topsa.mx\\\/index.php\\\/productos-2\\\/#breadcrumb\",\"itemListElement\":[{\"@type\":\"ListItem\",\"position\":1,\"name\":\"Portada\",\"item\":\"https:\\\/\\\/topsa.mx\\\/\"},{\"@type\":\"ListItem\",\"position\":2,\"name\":\"ANUNCIOS LUMINOSOS\"}]},{\"@type\":\"WebSite\",\"@id\":\"https:\\\/\\\/topsa.mx\\\/#website\",\"url\":\"https:\\\/\\\/topsa.mx\\\/\",\"name\":\"\",\"description\":\"\",\"potentialAction\":[{\"@type\":\"SearchAction\",\"target\":{\"@type\":\"EntryPoint\",\"urlTemplate\":\"https:\\\/\\\/topsa.mx\\\/?s={search_term_string}\"},\"query-input\":{\"@type\":\"PropertyValueSpecification\",\"valueRequired\":true,\"valueName\":\"search_term_string\"}}],\"inLanguage\":\"en-US\"}]}<\/script>\n<!-- \/ Yoast SEO plugin. -->","yoast_head_json":{"title":"ANUNCIOS LUMINOSOS -","description":"En TOPSA somos expertos en la fabricaci\u00f3n e instalaci\u00f3n de anuncios luminosos de alta calidad en Guadalajara. Dise\u00f1os personalizados, duraderos y con impacto visual para tu negocio. Cont\u00e1ctanos y destaca tu marca con el mejor servicio.","robots":{"index":"index","follow":"follow","max-snippet":"max-snippet:-1","max-image-preview":"max-image-preview:large","max-video-preview":"max-video-preview:-1"},"canonical":"https:\/\/topsa.mx\/index.php\/productos-2\/","og_locale":"en_US","og_type":"article","og_title":"ANUNCIOS LUMINOSOS -","og_description":"En TOPSA somos expertos en la fabricaci\u00f3n e instalaci\u00f3n de anuncios luminosos de alta calidad en Guadalajara. Dise\u00f1os personalizados, duraderos y con impacto visual para tu negocio. Cont\u00e1ctanos y destaca tu marca con el mejor servicio.","og_url":"https:\/\/topsa.mx\/index.php\/productos-2\/","article_modified_time":"2025-01-09T23:00:54+00:00","twitter_card":"summary_large_image","twitter_misc":{"Est. reading time":"1 minute"},"schema":{"@context":"https:\/\/schema.org","@graph":[{"@type":"WebPage","@id":"https:\/\/topsa.mx\/index.php\/productos-2\/","url":"https:\/\/topsa.mx\/index.php\/productos-2\/","name":"ANUNCIOS LUMINOSOS -","isPartOf":{"@id":"https:\/\/topsa.mx\/#website"},"datePublished":"2023-11-06T21:49:54+00:00","dateModified":"2025-01-09T23:00:54+00:00","description":"En TOPSA somos expertos en la fabricaci\u00f3n e instalaci\u00f3n de anuncios luminosos de alta calidad en Guadalajara. Dise\u00f1os personalizados, duraderos y con impacto visual para tu negocio. Cont\u00e1ctanos y destaca tu marca con el mejor servicio.","breadcrumb":{"@id":"https:\/\/topsa.mx\/index.php\/productos-2\/#breadcrumb"},"inLanguage":"en-US","potentialAction":[{"@type":"ReadAction","target":["https:\/\/topsa.mx\/index.php\/productos-2\/"]}]},{"@type":"BreadcrumbList","@id":"https:\/\/topsa.mx\/index.php\/productos-2\/#breadcrumb","itemListElement":[{"@type":"ListItem","position":1,"name":"Portada","item":"https:\/\/topsa.mx\/"},{"@type":"ListItem","position":2,"name":"ANUNCIOS LUMINOSOS"}]},{"@type":"WebSite","@id":"https:\/\/topsa.mx\/#website","url":"https:\/\/topsa.mx\/","name":"","description":"","potentialAction":[{"@type":"SearchAction","target":{"@type":"EntryPoint","urlTemplate":"https:\/\/topsa.mx\/?s={search_term_string}"},"query-input":{"@type":"PropertyValueSpecification","valueRequired":true,"valueName":"search_term_string"}}],"inLanguage":"en-US"}]}},"_links":{"self":[{"href":"https:\/\/topsa.mx\/index.php\/wp-json\/wp\/v2\/pages\/500","targetHints":{"allow":["GET"]}}],"collection":[{"href":"https:\/\/topsa.mx\/index.php\/wp-json\/wp\/v2\/pages"}],"about":[{"href":"https:\/\/topsa.mx\/index.php\/wp-json\/wp\/v2\/types\/page"}],"author":[{"embeddable":true,"href":"https:\/\/topsa.mx\/index.php\/wp-json\/wp\/v2\/users\/1"}],"replies":[{"embeddable":true,"href":"https:\/\/topsa.mx\/index.php\/wp-json\/wp\/v2\/comments?post=500"}],"version-history":[{"count":8,"href":"https:\/\/topsa.mx\/index.php\/wp-json\/wp\/v2\/pages\/500\/revisions"}],"predecessor-version":[{"id":856,"href":"https:\/\/topsa.mx\/index.php\/wp-json\/wp\/v2\/pages\/500\/revisions\/856"}],"wp:attachment":[{"href":"https:\/\/topsa.mx\/index.php\/wp-json\/wp\/v2\/media?parent=500"}],"curies":[{"name":"wp","href":"https:\/\/api.w.org\/{rel}","templated":true}]}}