{"id":205,"date":"2023-11-01T22:53:47","date_gmt":"2023-11-01T21:53:47","guid":{"rendered":"https:\/\/topsa.mx\/?page_id=205"},"modified":"2023-11-10T18:03:25","modified_gmt":"2023-11-10T17:03:25","slug":"contacto","status":"publish","type":"page","link":"https:\/\/topsa.mx\/index.php\/contacto\/","title":{"rendered":"CONTACTO"},"content":{"rendered":"\t\t<div data-elementor-type=\"wp-page\" data-elementor-id=\"205\" class=\"elementor elementor-205\" data-elementor-post-type=\"page\">\n\t\t\t\t<div class=\"elementor-element elementor-element-6626b295 e-flex e-con-boxed e-con e-parent\" data-id=\"6626b295\" data-element_type=\"container\" data-e-type=\"container\">\n\t\t\t\t\t<div class=\"e-con-inner\">\n\t\t<div class=\"elementor-element elementor-element-376242a e-con-full e-flex e-con e-child\" data-id=\"376242a\" data-element_type=\"container\" data-e-type=\"container\" data-settings=\"{&quot;background_background&quot;:&quot;classic&quot;}\">\n\t\t\t\t<div class=\"elementor-element elementor-element-2bc08049 elementor-align-center elementor-widget elementor-widget-button\" data-id=\"2bc08049\" data-element_type=\"widget\" data-e-type=\"widget\" data-settings=\"{&quot;_animation&quot;:&quot;none&quot;}\" data-widget_type=\"button.default\">\n\t\t\t\t<div class=\"elementor-widget-container\">\n\t\t\t\t\t\t\t\t\t<div class=\"elementor-button-wrapper\">\n\t\t\t\t\t<a class=\"elementor-button elementor-button-link elementor-size-sm elementor-animation-wobble-top\" href=\"https:\/\/topsa.mx\/index.php\/productos-2\/\">\n\t\t\t\t\t\t<span class=\"elementor-button-content-wrapper\">\n\t\t\t\t\t\t\t\t\t<span class=\"elementor-button-text\">ANUNCIOS LUMINOSOS<\/span>\n\t\t\t\t\t<\/span>\n\t\t\t\t\t<\/a>\n\t\t\t\t<\/div>\n\t\t\t\t\t\t\t\t<\/div>\n\t\t\t\t<\/div>\n\t\t\t\t<\/div>\n\t\t<div class=\"elementor-element elementor-element-1b3a344 e-con-full e-flex e-con e-child\" data-id=\"1b3a344\" data-element_type=\"container\" data-e-type=\"container\" data-settings=\"{&quot;background_background&quot;:&quot;slideshow&quot;,&quot;background_slideshow_gallery&quot;:[{&quot;id&quot;:316,&quot;url&quot;:&quot;https:\\\/\\\/topsa.mx\\\/wp-content\\\/uploads\\\/2023\\\/11\\\/IMG_20200819_224734.jpg&quot;}],&quot;background_slideshow_slide_transition&quot;:&quot;slide_left&quot;,&quot;background_slideshow_ken_burns&quot;:&quot;yes&quot;,&quot;background_slideshow_loop&quot;:&quot;yes&quot;,&quot;background_slideshow_slide_duration&quot;:5000,&quot;background_slideshow_transition_duration&quot;:500,&quot;background_slideshow_ken_burns_zoom_direction&quot;:&quot;in&quot;}\">\n\t\t\t\t<div class=\"elementor-element elementor-element-2d792e44 elementor-align-center elementor-widget elementor-widget-button\" data-id=\"2d792e44\" data-element_type=\"widget\" data-e-type=\"widget\" data-settings=\"{&quot;_animation&quot;:&quot;none&quot;}\" data-widget_type=\"button.default\">\n\t\t\t\t<div class=\"elementor-widget-container\">\n\t\t\t\t\t\t\t\t\t<div class=\"elementor-button-wrapper\">\n\t\t\t\t\t<a class=\"elementor-button elementor-button-link elementor-size-sm elementor-animation-wobble-top\" href=\"https:\/\/topsa.mx\/index.php\/channel-letters\/\">\n\t\t\t\t\t\t<span class=\"elementor-button-content-wrapper\">\n\t\t\t\t\t\t\t\t\t<span class=\"elementor-button-text\">CHANNEL LETTERS<\/span>\n\t\t\t\t\t<\/span>\n\t\t\t\t\t<\/a>\n\t\t\t\t<\/div>\n\t\t\t\t\t\t\t\t<\/div>\n\t\t\t\t<\/div>\n\t\t\t\t<\/div>\n\t\t<div class=\"elementor-element elementor-element-47375eee e-con-full e-flex e-con e-child\" data-id=\"47375eee\" data-element_type=\"container\" data-e-type=\"container\" data-settings=\"{&quot;background_background&quot;:&quot;classic&quot;}\">\n\t\t\t\t<div class=\"elementor-element elementor-element-3f4a3d3c elementor-align-center elementor-widget elementor-widget-button\" data-id=\"3f4a3d3c\" data-element_type=\"widget\" data-e-type=\"widget\" data-settings=\"{&quot;_animation&quot;:&quot;none&quot;}\" data-widget_type=\"button.default\">\n\t\t\t\t<div class=\"elementor-widget-container\">\n\t\t\t\t\t\t\t\t\t<div class=\"elementor-button-wrapper\">\n\t\t\t\t\t<a class=\"elementor-button elementor-button-link elementor-size-sm elementor-animation-wobble-top\" href=\"https:\/\/topsa.mx\/index.php\/totem\/\">\n\t\t\t\t\t\t<span class=\"elementor-button-content-wrapper\">\n\t\t\t\t\t\t\t\t\t<span class=\"elementor-button-text\">TOTEM<\/span>\n\t\t\t\t\t<\/span>\n\t\t\t\t\t<\/a>\n\t\t\t\t<\/div>\n\t\t\t\t\t\t\t\t<\/div>\n\t\t\t\t<\/div>\n\t\t\t\t<\/div>\n\t\t<div class=\"elementor-element elementor-element-7b18c405 e-con-full e-flex e-con e-child\" data-id=\"7b18c405\" data-element_type=\"container\" data-e-type=\"container\" data-settings=\"{&quot;background_background&quot;:&quot;slideshow&quot;,&quot;background_slideshow_gallery&quot;:[{&quot;id&quot;:627,&quot;url&quot;:&quot;https:\\\/\\\/topsa.mx\\\/wp-content\\\/uploads\\\/2023\\\/11\\\/1-5.jpg&quot;}],&quot;background_slideshow_loop&quot;:&quot;yes&quot;,&quot;background_slideshow_slide_duration&quot;:5000,&quot;background_slideshow_slide_transition&quot;:&quot;fade&quot;,&quot;background_slideshow_transition_duration&quot;:500}\">\n\t\t\t\t<div class=\"elementor-element elementor-element-694238df elementor-align-center elementor-widget elementor-widget-button\" data-id=\"694238df\" data-element_type=\"widget\" data-e-type=\"widget\" data-settings=\"{&quot;_animation&quot;:&quot;none&quot;}\" data-widget_type=\"button.default\">\n\t\t\t\t<div class=\"elementor-widget-container\">\n\t\t\t\t\t\t\t\t\t<div class=\"elementor-button-wrapper\">\n\t\t\t\t\t<a class=\"elementor-button elementor-button-link elementor-size-sm elementor-animation-wobble-top\" href=\"https:\/\/topsa.mx\/index.php\/graficos\/\">\n\t\t\t\t\t\t<span class=\"elementor-button-content-wrapper\">\n\t\t\t\t\t\t\t\t\t<span class=\"elementor-button-text\">GRAFICOS<\/span>\n\t\t\t\t\t<\/span>\n\t\t\t\t\t<\/a>\n\t\t\t\t<\/div>\n\t\t\t\t\t\t\t\t<\/div>\n\t\t\t\t<\/div>\n\t\t\t\t<\/div>\n\t\t<div class=\"elementor-element elementor-element-2dc56ef1 e-con-full e-flex e-con e-child\" data-id=\"2dc56ef1\" data-element_type=\"container\" data-e-type=\"container\" data-settings=\"{&quot;background_background&quot;:&quot;classic&quot;}\">\n\t\t\t\t<div class=\"elementor-element elementor-element-24acb07c elementor-align-center elementor-widget elementor-widget-button\" data-id=\"24acb07c\" data-element_type=\"widget\" data-e-type=\"widget\" data-settings=\"{&quot;_animation&quot;:&quot;none&quot;}\" data-widget_type=\"button.default\">\n\t\t\t\t<div class=\"elementor-widget-container\">\n\t\t\t\t\t\t\t\t\t<div class=\"elementor-button-wrapper\">\n\t\t\t\t\t<a class=\"elementor-button elementor-button-link elementor-size-sm elementor-animation-wobble-top\" href=\"https:\/\/topsa.mx\/index.php\/senalizacion\/\">\n\t\t\t\t\t\t<span class=\"elementor-button-content-wrapper\">\n\t\t\t\t\t\t\t\t\t<span class=\"elementor-button-text\">SE\u00d1ALIZACI\u00d3N<\/span>\n\t\t\t\t\t<\/span>\n\t\t\t\t\t<\/a>\n\t\t\t\t<\/div>\n\t\t\t\t\t\t\t\t<\/div>\n\t\t\t\t<\/div>\n\t\t\t\t<\/div>\n\t\t<div class=\"elementor-element elementor-element-2273ab05 e-con-full e-flex e-con e-child\" data-id=\"2273ab05\" data-element_type=\"container\" data-e-type=\"container\" data-settings=\"{&quot;background_background&quot;:&quot;classic&quot;}\">\n\t\t\t\t<div class=\"elementor-element elementor-element-3f7a27d0 elementor-align-center elementor-widget elementor-widget-button\" data-id=\"3f7a27d0\" data-element_type=\"widget\" data-e-type=\"widget\" data-settings=\"{&quot;_animation&quot;:&quot;none&quot;}\" data-widget_type=\"button.default\">\n\t\t\t\t<div class=\"elementor-widget-container\">\n\t\t\t\t\t\t\t\t\t<div class=\"elementor-button-wrapper\">\n\t\t\t\t\t<a class=\"elementor-button elementor-button-link elementor-size-sm elementor-animation-wobble-top\" href=\"https:\/\/topsa.mx\/index.php\/neon-y-neon-flex\/\">\n\t\t\t\t\t\t<span class=\"elementor-button-content-wrapper\">\n\t\t\t\t\t\t\t\t\t<span class=\"elementor-button-text\">NE\u00d3N Y NE\u00d3N FLEX<\/span>\n\t\t\t\t\t<\/span>\n\t\t\t\t\t<\/a>\n\t\t\t\t<\/div>\n\t\t\t\t\t\t\t\t<\/div>\n\t\t\t\t<\/div>\n\t\t\t\t<\/div>\n\t\t\t\t\t<\/div>\n\t\t\t\t<\/div>\n\t\t\t\t<\/div>\n\t\t","protected":false},"excerpt":{"rendered":"<p>ANUNCIOS LUMINOSOS CHANNEL LETTERS TOTEM GRAFICOS SE\u00d1ALIZACI\u00d3N NE\u00d3N Y NE\u00d3N FLEX<\/p>\n","protected":false},"author":1,"featured_media":0,"parent":0,"menu_order":0,"comment_status":"closed","ping_status":"closed","template":"","meta":{"footnotes":""},"class_list":["post-205","page","type-page","status-publish","hentry"],"yoast_head":"<!-- This site is optimized with the Yoast SEO plugin v27.4 - https:\/\/yoast.com\/product\/yoast-seo-wordpress\/ -->\n<title>CONTACTO -<\/title>\n<meta name=\"description\" content=\"En TOPSA somos expertos en la fabricaci\u00f3n e instalaci\u00f3n de anuncios luminosos de alta calidad en Guadalajara. Dise\u00f1os personalizados, duraderos y con impacto visual para tu negocio. Cont\u00e1ctanos y destaca tu marca con el mejor servicio.\" \/>\n<meta name=\"robots\" content=\"index, follow, max-snippet:-1, max-image-preview:large, max-video-preview:-1\" \/>\n<link rel=\"canonical\" href=\"https:\/\/topsa.mx\/index.php\/contacto\/\" \/>\n<meta property=\"og:locale\" content=\"en_US\" \/>\n<meta property=\"og:type\" content=\"article\" \/>\n<meta property=\"og:title\" content=\"CONTACTO -\" \/>\n<meta property=\"og:description\" content=\"En TOPSA somos expertos en la fabricaci\u00f3n e instalaci\u00f3n de anuncios luminosos de alta calidad en Guadalajara. Dise\u00f1os personalizados, duraderos y con impacto visual para tu negocio. Cont\u00e1ctanos y destaca tu marca con el mejor servicio.\" \/>\n<meta property=\"og:url\" content=\"https:\/\/topsa.mx\/index.php\/contacto\/\" \/>\n<meta property=\"article:modified_time\" content=\"2023-11-10T17:03:25+00:00\" \/>\n<meta name=\"twitter:card\" content=\"summary_large_image\" \/>\n<script type=\"application\/ld+json\" class=\"yoast-schema-graph\">{\"@context\":\"https:\\\/\\\/schema.org\",\"@graph\":[{\"@type\":\"WebPage\",\"@id\":\"https:\\\/\\\/topsa.mx\\\/index.php\\\/contacto\\\/\",\"url\":\"https:\\\/\\\/topsa.mx\\\/index.php\\\/contacto\\\/\",\"name\":\"CONTACTO -\",\"isPartOf\":{\"@id\":\"https:\\\/\\\/topsa.mx\\\/#website\"},\"datePublished\":\"2023-11-01T21:53:47+00:00\",\"dateModified\":\"2023-11-10T17:03:25+00:00\",\"description\":\"En TOPSA somos expertos en la fabricaci\u00f3n e instalaci\u00f3n de anuncios luminosos de alta calidad en Guadalajara. Dise\u00f1os personalizados, duraderos y con impacto visual para tu negocio. Cont\u00e1ctanos y destaca tu marca con el mejor servicio.\",\"breadcrumb\":{\"@id\":\"https:\\\/\\\/topsa.mx\\\/index.php\\\/contacto\\\/#breadcrumb\"},\"inLanguage\":\"en-US\",\"potentialAction\":[{\"@type\":\"ReadAction\",\"target\":[\"https:\\\/\\\/topsa.mx\\\/index.php\\\/contacto\\\/\"]}]},{\"@type\":\"BreadcrumbList\",\"@id\":\"https:\\\/\\\/topsa.mx\\\/index.php\\\/contacto\\\/#breadcrumb\",\"itemListElement\":[{\"@type\":\"ListItem\",\"position\":1,\"name\":\"Portada\",\"item\":\"https:\\\/\\\/topsa.mx\\\/\"},{\"@type\":\"ListItem\",\"position\":2,\"name\":\"CONTACTO\"}]},{\"@type\":\"WebSite\",\"@id\":\"https:\\\/\\\/topsa.mx\\\/#website\",\"url\":\"https:\\\/\\\/topsa.mx\\\/\",\"name\":\"\",\"description\":\"\",\"potentialAction\":[{\"@type\":\"SearchAction\",\"target\":{\"@type\":\"EntryPoint\",\"urlTemplate\":\"https:\\\/\\\/topsa.mx\\\/?s={search_term_string}\"},\"query-input\":{\"@type\":\"PropertyValueSpecification\",\"valueRequired\":true,\"valueName\":\"search_term_string\"}}],\"inLanguage\":\"en-US\"}]}<\/script>\n<!-- \/ Yoast SEO plugin. -->","yoast_head_json":{"title":"CONTACTO -","description":"En TOPSA somos expertos en la fabricaci\u00f3n e instalaci\u00f3n de anuncios luminosos de alta calidad en Guadalajara. Dise\u00f1os personalizados, duraderos y con impacto visual para tu negocio. Cont\u00e1ctanos y destaca tu marca con el mejor servicio.","robots":{"index":"index","follow":"follow","max-snippet":"max-snippet:-1","max-image-preview":"max-image-preview:large","max-video-preview":"max-video-preview:-1"},"canonical":"https:\/\/topsa.mx\/index.php\/contacto\/","og_locale":"en_US","og_type":"article","og_title":"CONTACTO -","og_description":"En TOPSA somos expertos en la fabricaci\u00f3n e instalaci\u00f3n de anuncios luminosos de alta calidad en Guadalajara. Dise\u00f1os personalizados, duraderos y con impacto visual para tu negocio. Cont\u00e1ctanos y destaca tu marca con el mejor servicio.","og_url":"https:\/\/topsa.mx\/index.php\/contacto\/","article_modified_time":"2023-11-10T17:03:25+00:00","twitter_card":"summary_large_image","schema":{"@context":"https:\/\/schema.org","@graph":[{"@type":"WebPage","@id":"https:\/\/topsa.mx\/index.php\/contacto\/","url":"https:\/\/topsa.mx\/index.php\/contacto\/","name":"CONTACTO -","isPartOf":{"@id":"https:\/\/topsa.mx\/#website"},"datePublished":"2023-11-01T21:53:47+00:00","dateModified":"2023-11-10T17:03:25+00:00","description":"En TOPSA somos expertos en la fabricaci\u00f3n e instalaci\u00f3n de anuncios luminosos de alta calidad en Guadalajara. Dise\u00f1os personalizados, duraderos y con impacto visual para tu negocio. Cont\u00e1ctanos y destaca tu marca con el mejor servicio.","breadcrumb":{"@id":"https:\/\/topsa.mx\/index.php\/contacto\/#breadcrumb"},"inLanguage":"en-US","potentialAction":[{"@type":"ReadAction","target":["https:\/\/topsa.mx\/index.php\/contacto\/"]}]},{"@type":"BreadcrumbList","@id":"https:\/\/topsa.mx\/index.php\/contacto\/#breadcrumb","itemListElement":[{"@type":"ListItem","position":1,"name":"Portada","item":"https:\/\/topsa.mx\/"},{"@type":"ListItem","position":2,"name":"CONTACTO"}]},{"@type":"WebSite","@id":"https:\/\/topsa.mx\/#website","url":"https:\/\/topsa.mx\/","name":"","description":"","potentialAction":[{"@type":"SearchAction","target":{"@type":"EntryPoint","urlTemplate":"https:\/\/topsa.mx\/?s={search_term_string}"},"query-input":{"@type":"PropertyValueSpecification","valueRequired":true,"valueName":"search_term_string"}}],"inLanguage":"en-US"}]}},"_links":{"self":[{"href":"https:\/\/topsa.mx\/index.php\/wp-json\/wp\/v2\/pages\/205","targetHints":{"allow":["GET"]}}],"collection":[{"href":"https:\/\/topsa.mx\/index.php\/wp-json\/wp\/v2\/pages"}],"about":[{"href":"https:\/\/topsa.mx\/index.php\/wp-json\/wp\/v2\/types\/page"}],"author":[{"embeddable":true,"href":"https:\/\/topsa.mx\/index.php\/wp-json\/wp\/v2\/users\/1"}],"replies":[{"embeddable":true,"href":"https:\/\/topsa.mx\/index.php\/wp-json\/wp\/v2\/comments?post=205"}],"version-history":[{"count":4,"href":"https:\/\/topsa.mx\/index.php\/wp-json\/wp\/v2\/pages\/205\/revisions"}],"predecessor-version":[{"id":836,"href":"https:\/\/topsa.mx\/index.php\/wp-json\/wp\/v2\/pages\/205\/revisions\/836"}],"wp:attachment":[{"href":"https:\/\/topsa.mx\/index.php\/wp-json\/wp\/v2\/media?parent=205"}],"curies":[{"name":"wp","href":"https:\/\/api.w.org\/{rel}","templated":true}]}}